{"id":99,"date":"2018-03-04T19:59:29","date_gmt":"2018-03-04T19:59:29","guid":{"rendered":"http:\/\/www.ans-music.de\/?page_id=99"},"modified":"2018-04-16T09:23:00","modified_gmt":"2018-04-16T09:23:00","slug":"combo-amps","status":"publish","type":"page","link":"https:\/\/www.ans-music.de\/index.php\/combo-amps\/","title":{"rendered":"Combo Amps"},"content":{"rendered":"<h4>Impulsiver Klangk\u00f6rper in Kohle verpackt<\/h4>\n<p><img decoding=\"async\" loading=\"lazy\" class=\"alignleft wp-image-1507 zoooom\" src=\"https:\/\/www.ans-music.de\/wp-content\/uploads\/2018\/04\/20170427-Realbass-IMAGE-01-300x200.jpg\" alt=\"\" width=\"254\" height=\"169\" srcset=\"https:\/\/www.ans-music.de\/wp-content\/uploads\/2018\/04\/20170427-Realbass-IMAGE-01-300x200.jpg 300w, https:\/\/www.ans-music.de\/wp-content\/uploads\/2018\/04\/20170427-Realbass-IMAGE-01-768x512.jpg 768w, https:\/\/www.ans-music.de\/wp-content\/uploads\/2018\/04\/20170427-Realbass-IMAGE-01-1024x683.jpg 1024w\" sizes=\"(max-width: 254px) 100vw, 254px\" \/><\/p>\n<p align=\"justify\">Der neu konzipierte <strong>realbass-combo<\/strong> beweist mit seinem Carbon-Geh\u00e4use das analoge Technik eben nicht schwer sein muss. Mit 11,5 Kg &#8211; 13,5 Kg erf\u00fcllt er als echtes Leichtgewicht auch klanglich h\u00f6chste Anspr\u00fcchen. Die Maxime der <strong>realbass-serie<\/strong>, Impuls- und Klangtreue garantieren sowohl f\u00fcr Kontrabass wie auch f\u00fcr E-Bass ein warmes kraftvolles Fundament mit transparenter nat\u00fcrliche Abbildung Ihres Instrumentes. Kein L\u00fcfterger\u00e4usch st\u00f6rt bei Aufnahmen. Absolut \u00fcberzeugend absolviert der Combo sowohl ein- als auch zweikanalig den H\u00f6rtest und er\u00f6ffnet in seiner Wirkung als rundum strahlender Klangk\u00f6rper neue Ans\u00e4tze in der Boxenkonzeption. Die reichhaltige Ausstattung l\u00e4sst auch bei der Kombination verschiedener Abnahmearten keinerlei W\u00fcnsche offen. <a href=\"https:\/\/www.ans-music.de\/index.php\/realbass-duo-selection\/\">mehr&#8230;<\/a><\/p>\n<p>&nbsp;<\/p>\n<p>&nbsp;<\/p>\n<p><img decoding=\"async\" loading=\"lazy\" class=\"aligncenter wp-image-1569 size-full\" src=\"https:\/\/www.ans-music.de\/wp-content\/uploads\/2018\/04\/bassb\u00fchne.jpg\" alt=\"\" width=\"1800\" height=\"598\" srcset=\"https:\/\/www.ans-music.de\/wp-content\/uploads\/2018\/04\/bassb\u00fchne.jpg 1800w, https:\/\/www.ans-music.de\/wp-content\/uploads\/2018\/04\/bassb\u00fchne-300x100.jpg 300w, https:\/\/www.ans-music.de\/wp-content\/uploads\/2018\/04\/bassb\u00fchne-768x255.jpg 768w, https:\/\/www.ans-music.de\/wp-content\/uploads\/2018\/04\/bassb\u00fchne-1024x340.jpg 1024w\" sizes=\"(max-width: 1800px) 100vw, 1800px\" \/><\/p>\n","protected":false},"excerpt":{"rendered":"<p>Impulsiver Klangk\u00f6rper in Kohle verpackt Der neu konzipierte realbass-combo beweist mit seinem Carbon-Geh\u00e4use das analoge Technik eben nicht schwer sein muss. Mit 11,5 Kg &#8211; 13,5 Kg erf\u00fcllt er als echtes Leichtgewicht auch klanglich h\u00f6chste <a class=\"more-link\" href=\"https:\/\/www.ans-music.de\/index.php\/combo-amps\/\">weiterlesen&#8230;<\/a><\/p>\n","protected":false},"author":2,"featured_media":0,"parent":0,"menu_order":0,"comment_status":"closed","ping_status":"closed","template":"","meta":[],"_links":{"self":[{"href":"https:\/\/www.ans-music.de\/index.php\/wp-json\/wp\/v2\/pages\/99"}],"collection":[{"href":"https:\/\/www.ans-music.de\/index.php\/wp-json\/wp\/v2\/pages"}],"about":[{"href":"https:\/\/www.ans-music.de\/index.php\/wp-json\/wp\/v2\/types\/page"}],"author":[{"embeddable":true,"href":"https:\/\/www.ans-music.de\/index.php\/wp-json\/wp\/v2\/users\/2"}],"replies":[{"embeddable":true,"href":"https:\/\/www.ans-music.de\/index.php\/wp-json\/wp\/v2\/comments?post=99"}],"version-history":[{"count":17,"href":"https:\/\/www.ans-music.de\/index.php\/wp-json\/wp\/v2\/pages\/99\/revisions"}],"predecessor-version":[{"id":1994,"href":"https:\/\/www.ans-music.de\/index.php\/wp-json\/wp\/v2\/pages\/99\/revisions\/1994"}],"wp:attachment":[{"href":"https:\/\/www.ans-music.de\/index.php\/wp-json\/wp\/v2\/media?parent=99"}],"curies":[{"name":"wp","href":"https:\/\/api.w.org\/{rel}","templated":true}]}}