{"id":93,"date":"2018-03-04T19:59:29","date_gmt":"2018-03-04T19:59:29","guid":{"rendered":"http:\/\/www.ans-music.de\/?page_id=93"},"modified":"2018-04-13T09:33:00","modified_gmt":"2018-04-13T09:33:00","slug":"ans-micro-di-i","status":"publish","type":"page","link":"https:\/\/www.ans-music.de\/index.php\/ans-micro-di-i\/","title":{"rendered":"ANS-Micro-DI &#038; Kabel-DI  I II III"},"content":{"rendered":"<h5>..f\u00fcr passive Pickups und Instrumente<\/h5>\n<p style=\"text-align: justify;\">ANS micro-DI und Kabel-DI sind extrem kleine symmetrische Vorverst\u00e4rker mit einem speziellen Eingang ( &gt; 4 MOhm) f\u00fcr hochohmige (<a href=\"https:\/\/www.ans-music.de\/index.php\/ans-preamp-one-passive-piezo-pickup\/\">Piezo<\/a>&#8211; oder \u00e4hnliche) Tonabnehmer. Beide haben einen symmetrischem Ausgang und arbeiten mit der \u00fcblicherweise an Mikrofoneing\u00e4ngen anliegenden Phantomspeisung zwischen +24V und +48V.<br \/>\nDie St\u00e4rken dieser Preamps bestehen in der sehr kleinen Bauweise, der hohen Aussteuerungsfestigkeit, des gro\u00dfen Signal\/Rauschabstandes ebenso wie der klaren transparenten und trotzdem warmen Abbildung Ihres Instrumentes. Da im gesamten Signalweg keine Koppelkondensatoren liegen, erf\u00fcllen diese kleinen Preamps h\u00f6chste Anspr\u00fcche hinsichtlich pr\u00e4ziser und originalgetreuer Wiedergabe, so wie der sehr guten Studio- und B\u00fchnentauglichkeit.<a href=\"https:\/\/www.ans-music.de\/index.php\/ans-micro-di-i\/\"><br \/>\n<\/a>ANS micro-DI und Kabel-DI gibt es jeweils in 3 Pegelvarianten (-30dB, -20dB und 0dB).<\/p>\n<h4>Technische Daten:<\/h4>\n<p><img decoding=\"async\" loading=\"lazy\" class=\"zoooom alignleft wp-image-1146\" src=\"https:\/\/www.ans-music.de\/wp-content\/uploads\/2018\/03\/kabeldimiro-300x175.jpg\" alt=\"\" width=\"400\" height=\"234\" srcset=\"https:\/\/www.ans-music.de\/wp-content\/uploads\/2018\/03\/kabeldimiro-300x175.jpg 300w, https:\/\/www.ans-music.de\/wp-content\/uploads\/2018\/03\/kabeldimiro.jpg 513w\" sizes=\"(max-width: 400px) 100vw, 400px\" \/><\/p>\n<ul>\n<li>Klinkenbuchse \/ -stecker 6,35mm<\/li>\n<li>XLR-Ausgang<\/li>\n<li>Ausgangspegel bei Vollaussteuerung:<br \/>\nmicro- \/Kabel-DI\u00a0 I\u00a0\u00a0\u00a0\u00a0 =\u00a0\u00a0\u00a0 0db<br \/>\nmicro- \/Kabel-DI\u00a0 II \u00a0\u00a0 = -20db<br \/>\nmicro- \/Kabel-DI\u00a0 III\u00a0\u00a0 = -30db<\/li>\n<\/ul>\n<p>Preis: 179,00 \u20ac incl. 19% MwSt.<br \/>\n<a href=\"https:\/\/www.ans-music.de\/index.php\/zubehoer\/\">Zubeh\u00f6r<\/a><br \/>\n<a href=\"https:\/\/www.ans-music.de\/index.php\/bestellung-und-kontakt-10\/\">Produkt bestellen<\/a><\/p>\n","protected":false},"excerpt":{"rendered":"<p>..f\u00fcr passive Pickups und Instrumente ANS micro-DI und Kabel-DI sind extrem kleine symmetrische Vorverst\u00e4rker mit einem speziellen Eingang ( &gt; 4 MOhm) f\u00fcr hochohmige (Piezo&#8211; oder \u00e4hnliche) Tonabnehmer. Beide haben einen symmetrischem Ausgang und arbeiten <a class=\"more-link\" href=\"https:\/\/www.ans-music.de\/index.php\/ans-micro-di-i\/\">weiterlesen&#8230;<\/a><\/p>\n","protected":false},"author":2,"featured_media":0,"parent":0,"menu_order":0,"comment_status":"closed","ping_status":"closed","template":"","meta":[],"_links":{"self":[{"href":"https:\/\/www.ans-music.de\/index.php\/wp-json\/wp\/v2\/pages\/93"}],"collection":[{"href":"https:\/\/www.ans-music.de\/index.php\/wp-json\/wp\/v2\/pages"}],"about":[{"href":"https:\/\/www.ans-music.de\/index.php\/wp-json\/wp\/v2\/types\/page"}],"author":[{"embeddable":true,"href":"https:\/\/www.ans-music.de\/index.php\/wp-json\/wp\/v2\/users\/2"}],"replies":[{"embeddable":true,"href":"https:\/\/www.ans-music.de\/index.php\/wp-json\/wp\/v2\/comments?post=93"}],"version-history":[{"count":43,"href":"https:\/\/www.ans-music.de\/index.php\/wp-json\/wp\/v2\/pages\/93\/revisions"}],"predecessor-version":[{"id":1987,"href":"https:\/\/www.ans-music.de\/index.php\/wp-json\/wp\/v2\/pages\/93\/revisions\/1987"}],"wp:attachment":[{"href":"https:\/\/www.ans-music.de\/index.php\/wp-json\/wp\/v2\/media?parent=93"}],"curies":[{"name":"wp","href":"https:\/\/api.w.org\/{rel}","templated":true}]}}