{"id":887,"date":"2018-03-20T12:33:08","date_gmt":"2018-03-20T12:33:08","guid":{"rendered":"http:\/\/www.ans-music.de\/?page_id=887"},"modified":"2022-02-03T13:38:15","modified_gmt":"2022-02-03T13:38:15","slug":"ans-professional-di","status":"publish","type":"page","link":"https:\/\/www.ans-music.de\/index.php\/ans-preamp-unbalanced-out\/ans-professional-di\/","title":{"rendered":"ANS-Professional-DI passiv, activ"},"content":{"rendered":"<p style=\"text-align: justify;\">ANS-professional DI sind Vorverst\u00e4rker (DI-Boxen) f\u00fcr passive Tonabnehmer wie den ANS-bassbalsereit,\u00a0 und aktive Pickups wie den ANS-doublebass activ. Beide DI-Boxen verf\u00fcgen \u00fcber speziell auf die jeweiligen Pickups abgestimmte, hochwertige Preamps, Mute-Schalter und einen 2.separaten Eingang, der sowohl f\u00fcr E-Bass als auch f\u00fcr andere E-Instrumente verwendet werden kann. Beide Eing\u00e4nge sind mit je einem internen GAIN-Regler \u2013 beide Ausg\u00e4nge (symmetrisch und asymmetrisch \/ balanced und unbalaced), mit je einem internen Ausgangsregler ausgestattet. Die Signale sind werksseitig f\u00fcr Verst\u00e4rker und Pult entsprechend eingepegelt. Beide verf\u00fcgen \u00fcber jeweils zwei interne 9V Batteriepl\u00e4tze, k\u00f6nnen aber auch mit nur einer 9V Batterie betrieben werden. Der typische Einsatz f\u00fcr die beiden ANS-Professional-Di, ist der Betrieb an symmmetrischen Eing\u00e4ngen mit Phantomspeisung, Vorstufen und Instrumentalverst\u00e4rkern.<\/p>\n<h5><img decoding=\"async\" loading=\"lazy\" class=\"alignleft wp-image-1183 zoooom\" src=\"https:\/\/www.ans-music.de\/wp-content\/uploads\/2018\/03\/profesional-di-passiv-300x221.jpg\" alt=\"\" width=\"300\" height=\"221\" srcset=\"https:\/\/www.ans-music.de\/wp-content\/uploads\/2018\/03\/profesional-di-passiv-300x221.jpg 300w, https:\/\/www.ans-music.de\/wp-content\/uploads\/2018\/03\/profesional-di-passiv-768x565.jpg 768w, https:\/\/www.ans-music.de\/wp-content\/uploads\/2018\/03\/profesional-di-passiv.jpg 811w\" sizes=\"(max-width: 300px) 100vw, 300px\" \/>ANS professional-DI passiv<\/h5>\n<ul>\n<li>Ausgangspegel intern regelbar -20 dB bis ca. +6 dB<\/li>\n<li>passiver Kombi-Eingang (XLR \/ klinke) f\u00fcr hochohmige Pickups<\/li>\n<li>zus\u00e4tzlicher intern regelbarer Eingang (Klinke) f\u00fcr E-Instrumente<\/li>\n<li>Mute-Fussschalter (w\u00e4hlbar nur PU-Eingang oder beide Eing\u00e4nge)<\/li>\n<\/ul>\n<p>BA download <a href=\"https:\/\/www.ans-music.de\/wp-content\/uploads\/2018\/04\/ANS-DI-Box-passive-01.pdf\">deutsch<\/a> <a href=\"https:\/\/www.ans-music.de\/wp-content\/uploads\/2018\/04\/ANS-DI-Box-passive-01_English.pdf\">englisch<\/a><br \/>\nPreis: 349,00 \u20ac incl. 19% MWSt.<br \/>\n<a href=\"https:\/\/www.ans-music.de\/index.php\/zubehoer\/\">Zubeh\u00f6r<\/a><br \/>\n<a href=\"https:\/\/www.ans-music.de\/index.php\/bestellung-und-kontakt-8\/\">Produkt bestellen<\/a><\/p>\n<hr \/>\n<h5><img decoding=\"async\" loading=\"lazy\" class=\"alignleft wp-image-1185 zoooom\" src=\"https:\/\/www.ans-music.de\/wp-content\/uploads\/2018\/03\/diboxactive-300x233.jpg\" alt=\"\" width=\"300\" height=\"233\" srcset=\"https:\/\/www.ans-music.de\/wp-content\/uploads\/2018\/03\/diboxactive-300x233.jpg 300w, https:\/\/www.ans-music.de\/wp-content\/uploads\/2018\/03\/diboxactive.jpg 738w\" sizes=\"(max-width: 300px) 100vw, 300px\" \/>ANS professional-DI acitv<\/h5>\n<ul>\n<li>Ausgangspegel intern regelbar -20 dB bis ca. +6 dB<\/li>\n<li>Kombi-Eingang (XLR \/ klinke) mit Phantomspeisung auf dem Ring<\/li>\n<li>zus\u00e4tzlicher intern regelbarer Eingang (Klinke) f\u00fcr E-Instrumente<\/li>\n<li>Mute-Fussschalter (w\u00e4hlbar nur PU-Eingang oder beide Eing\u00e4nge)<\/li>\n<\/ul>\n<p>BA download <a href=\"https:\/\/www.ans-music.de\/wp-content\/uploads\/2018\/04\/ANS-DI-Box-active-02.pdf\">deutsch<\/a> <a href=\"https:\/\/www.ans-music.de\/wp-content\/uploads\/2018\/04\/ANS-DI-Box-active-02_English.pdf\">englisch<\/a><br \/>\nPreis: 349,00 \u20ac incl. 19% MWSt.<br \/>\n<a href=\"https:\/\/www.ans-music.de\/index.php\/zubehoer\/\">Zubeh\u00f6r<\/a><br \/>\n<a href=\"https:\/\/www.ans-music.de\/index.php\/bestellung-und-kontakt-6\/\">Produkt bestellen<\/a><\/p>\n<hr \/>\n","protected":false},"excerpt":{"rendered":"<p>ANS-professional DI sind Vorverst\u00e4rker (DI-Boxen) f\u00fcr passive Tonabnehmer wie den ANS-bassbalsereit,\u00a0 und aktive Pickups wie den ANS-doublebass activ. Beide DI-Boxen verf\u00fcgen \u00fcber speziell auf die jeweiligen Pickups abgestimmte, hochwertige Preamps, Mute-Schalter und einen 2.separaten Eingang, <a class=\"more-link\" href=\"https:\/\/www.ans-music.de\/index.php\/ans-preamp-unbalanced-out\/ans-professional-di\/\">weiterlesen&#8230;<\/a><\/p>\n","protected":false},"author":3,"featured_media":0,"parent":88,"menu_order":3,"comment_status":"closed","ping_status":"closed","template":"","meta":[],"_links":{"self":[{"href":"https:\/\/www.ans-music.de\/index.php\/wp-json\/wp\/v2\/pages\/887"}],"collection":[{"href":"https:\/\/www.ans-music.de\/index.php\/wp-json\/wp\/v2\/pages"}],"about":[{"href":"https:\/\/www.ans-music.de\/index.php\/wp-json\/wp\/v2\/types\/page"}],"author":[{"embeddable":true,"href":"https:\/\/www.ans-music.de\/index.php\/wp-json\/wp\/v2\/users\/3"}],"replies":[{"embeddable":true,"href":"https:\/\/www.ans-music.de\/index.php\/wp-json\/wp\/v2\/comments?post=887"}],"version-history":[{"count":26,"href":"https:\/\/www.ans-music.de\/index.php\/wp-json\/wp\/v2\/pages\/887\/revisions"}],"predecessor-version":[{"id":3766,"href":"https:\/\/www.ans-music.de\/index.php\/wp-json\/wp\/v2\/pages\/887\/revisions\/3766"}],"up":[{"embeddable":true,"href":"https:\/\/www.ans-music.de\/index.php\/wp-json\/wp\/v2\/pages\/88"}],"wp:attachment":[{"href":"https:\/\/www.ans-music.de\/index.php\/wp-json\/wp\/v2\/media?parent=887"}],"curies":[{"name":"wp","href":"https:\/\/api.w.org\/{rel}","templated":true}]}}