{"id":88,"date":"2018-03-04T19:59:29","date_gmt":"2018-03-04T19:59:29","guid":{"rendered":"http:\/\/www.ans-music.de\/?page_id=88"},"modified":"2018-04-07T05:36:38","modified_gmt":"2018-04-07T05:36:38","slug":"ans-preamp-unbalanced-out","status":"publish","type":"page","link":"https:\/\/www.ans-music.de\/index.php\/ans-preamp-unbalanced-out\/","title":{"rendered":"ANS-preamp balanced"},"content":{"rendered":"<h4>..f\u00fcr passive Pickups und Instrumente<\/h4>\n<h5><\/h5>\n<h5>ANS micro-DI und Kabel-DI<\/h5>\n<p style=\"text-align: justify;\"><img decoding=\"async\" loading=\"lazy\" class=\"alignleft wp-image-1091 zoooom\" src=\"https:\/\/www.ans-music.de\/wp-content\/uploads\/2018\/03\/verbund-300x100.jpg\" alt=\"\" width=\"356\" height=\"119\" srcset=\"https:\/\/www.ans-music.de\/wp-content\/uploads\/2018\/03\/verbund-300x100.jpg 300w, https:\/\/www.ans-music.de\/wp-content\/uploads\/2018\/03\/verbund-768x255.jpg 768w, https:\/\/www.ans-music.de\/wp-content\/uploads\/2018\/03\/verbund-1024x340.jpg 1024w, https:\/\/www.ans-music.de\/wp-content\/uploads\/2018\/03\/verbund.jpg 1800w\" sizes=\"(max-width: 356px) 100vw, 356px\" \/>ANS micro-DI und Kabel-DI sind kleinste Vorverst\u00e4rker mit einem speziellen Eingang f\u00fcr Piezo- oder \u00e4hnliche Pickups. Beide Vorverst\u00e4rker haben einen symmetrischem Ausgang und arbeiten mit der \u00fcblicherweise an Mikrofoneing\u00e4ngen anliegenden Phantomspeisung, zwischen 24V und 48V.<br \/>\nBeim Design wurde Wert auf eine klare Abbildung und eine sehr gro\u00dfe Aussteuerungsreserve gelegt. Da im gesamten Signalweg keine Koppelkondensatoren liegen, erf\u00fcllen diese kleinen Preamps h\u00f6chste Anspr\u00fcche hinsichtlich pr\u00e4ziser und originalgetreuer Wiedergabe,so wie bei der gesamten Studio- und B\u00fchnentauglichkeit.<a href=\"https:\/\/www.ans-music.de\/index.php\/ans-micro-di-i\/\"> weiterlesen&#8230;<\/a><\/p>\n<hr \/>\n<div>\n<h5>ANS-Professional-DI passiv, activ &amp; slap<\/h5>\n<p style=\"text-align: justify;\"><img decoding=\"async\" loading=\"lazy\" class=\"alignleft wp-image-1185 zoooom\" src=\"https:\/\/www.ans-music.de\/wp-content\/uploads\/2018\/03\/diboxactive-300x233.jpg\" alt=\"\" width=\"190\" height=\"148\" srcset=\"https:\/\/www.ans-music.de\/wp-content\/uploads\/2018\/03\/diboxactive-300x233.jpg 300w, https:\/\/www.ans-music.de\/wp-content\/uploads\/2018\/03\/diboxactive.jpg 738w\" sizes=\"(max-width: 190px) 100vw, 190px\" \/>ANS-DI ist ein Vorverst\u00e4rker f\u00fcr ANS- standard (als DI mit einem Eingang f\u00fcr passive PU) und ANS- activ (als DI mit einem Eingang f\u00fcr aktive PU). Die Box verf\u00fcgt \u00fcber einen speziell auf diesen Pickup abgestimmten, hochwertigen Preamp, einen 2.Eingang, der sowohl f\u00fcr E-Bass und f\u00fcr Instrumente verwendet werden kann. Mit der Variante SLAP ist mit einem einstellbaren LOW-CUT ausgestattet und kann an ein Griffbrett-PU angeschlossen werden. <a href=\"https:\/\/www.ans-music.de\/index.php\/ans-preamp-unbalanced-out\/ans-professional-di\/\">weiterlesen&#8230;<\/a><\/p>\n<\/div>\n<div><\/div>\n<div><\/div>\n<div>\n<hr \/>\n<\/div>\n<div><strong>\u00a0<\/strong><\/div>\n<div><strong>\u00a0<\/strong><\/div>\n","protected":false},"excerpt":{"rendered":"<p>..f\u00fcr passive Pickups und Instrumente ANS micro-DI und Kabel-DI ANS micro-DI und Kabel-DI sind kleinste Vorverst\u00e4rker mit einem speziellen Eingang f\u00fcr Piezo- oder \u00e4hnliche Pickups. Beide Vorverst\u00e4rker haben einen symmetrischem Ausgang und arbeiten mit der <a class=\"more-link\" href=\"https:\/\/www.ans-music.de\/index.php\/ans-preamp-unbalanced-out\/\">weiterlesen&#8230;<\/a><\/p>\n","protected":false},"author":2,"featured_media":0,"parent":0,"menu_order":0,"comment_status":"closed","ping_status":"closed","template":"","meta":[],"_links":{"self":[{"href":"https:\/\/www.ans-music.de\/index.php\/wp-json\/wp\/v2\/pages\/88"}],"collection":[{"href":"https:\/\/www.ans-music.de\/index.php\/wp-json\/wp\/v2\/pages"}],"about":[{"href":"https:\/\/www.ans-music.de\/index.php\/wp-json\/wp\/v2\/types\/page"}],"author":[{"embeddable":true,"href":"https:\/\/www.ans-music.de\/index.php\/wp-json\/wp\/v2\/users\/2"}],"replies":[{"embeddable":true,"href":"https:\/\/www.ans-music.de\/index.php\/wp-json\/wp\/v2\/comments?post=88"}],"version-history":[{"count":10,"href":"https:\/\/www.ans-music.de\/index.php\/wp-json\/wp\/v2\/pages\/88\/revisions"}],"predecessor-version":[{"id":1417,"href":"https:\/\/www.ans-music.de\/index.php\/wp-json\/wp\/v2\/pages\/88\/revisions\/1417"}],"wp:attachment":[{"href":"https:\/\/www.ans-music.de\/index.php\/wp-json\/wp\/v2\/media?parent=88"}],"curies":[{"name":"wp","href":"https:\/\/api.w.org\/{rel}","templated":true}]}}