{"id":80,"date":"2018-03-04T19:59:28","date_gmt":"2018-03-04T19:59:28","guid":{"rendered":"http:\/\/www.ans-music.de\/?page_id=80"},"modified":"2018-04-16T09:31:18","modified_gmt":"2018-04-16T09:31:18","slug":"cello","status":"publish","type":"page","link":"https:\/\/www.ans-music.de\/index.php\/cello\/","title":{"rendered":"Cello"},"content":{"rendered":"<p><img decoding=\"async\" loading=\"lazy\" class=\"wp-image-576 size-full aligncenter\" src=\"https:\/\/www.ans-music.de\/wp-content\/uploads\/2018\/03\/celloheader.jpg\" alt=\"\" width=\"5078\" height=\"1687\" srcset=\"https:\/\/www.ans-music.de\/wp-content\/uploads\/2018\/03\/celloheader.jpg 5078w, https:\/\/www.ans-music.de\/wp-content\/uploads\/2018\/03\/celloheader-300x100.jpg 300w, https:\/\/www.ans-music.de\/wp-content\/uploads\/2018\/03\/celloheader-768x255.jpg 768w, https:\/\/www.ans-music.de\/wp-content\/uploads\/2018\/03\/celloheader-1024x340.jpg 1024w\" sizes=\"(max-width: 5078px) 100vw, 5078px\" \/><\/p>\n<h5 align=\"justify\"><strong>Professionelle Tonabnehmersysteme f\u00fcr Cello<\/strong><\/h5>\n<p align=\"justify\">Die Pickups der ANS-Cello Serie sind speziell an diese Instrumente angepasst und bringen die Feinheiten hinsichtlich Dynamik und Impulstreue optimal zur Geltung. Auch sie sind aktiv und passiv erh\u00e4ltlich.<\/p>\n<p align=\"justify\">In der aktiven Version k\u00f6nnen sie von geeigneten Verst\u00e4rkern, Mischpulten und der <a href=\"https:\/\/www.ans-music.de\/index.php\/ans-phantombox-acive-pickups\/\">ANS-phantombox<\/a> oder der <a href=\"https:\/\/www.ans-music.de\/index.php\/ans-preamp-unbalanced-out\/ans-professional-di\/\">ANS-professional-DI aktiv<\/a> mit Strom versorgt werden. Die passive Variante sollte f\u00fcr ein optimales Ergebnis mit einem geeigneten Vorverst\u00e4rker wie <a href=\"https:\/\/www.ans-music.de\/index.php\/ans-preamp-one-passive-piezo-pickup\/\">ANS-preamp ONE,\u00a0 ANS-preamp TWO<\/a>, <a href=\"https:\/\/www.ans-music.de\/index.php\/ans-micro-di-i\/\">ANS-Micro-DI<\/a> oder der <a href=\"https:\/\/www.ans-music.de\/index.php\/ans-preamp-unbalanced-out\/ans-professional-di\/\">ANS-professional DI passiv<\/a> betrieben werden.<\/p>\n<p>Die f\u00fcr Sie zusammengestellten Kombinationen an Pickup und Preamp finden Sie in den\u00a0 Bundles <a href=\"https:\/\/www.ans-music.de\/index.php\/ans-cello-pickup-prof-kit-i\">ANS-Cello Pickup prof.-Kit I II III<\/a><\/p>\n<h6>ANS-cello Pickup aktiv \/ passiv<\/h6>\n<p align=\"justify\"><img decoding=\"async\" loading=\"lazy\" class=\"zoooom alignleft wp-image-1239\" src=\"https:\/\/www.ans-music.de\/wp-content\/uploads\/2018\/03\/preampgrau2-300x300.jpg\" alt=\"\" width=\"145\" height=\"145\" srcset=\"https:\/\/www.ans-music.de\/wp-content\/uploads\/2018\/03\/preampgrau2-300x300.jpg 300w, https:\/\/www.ans-music.de\/wp-content\/uploads\/2018\/03\/preampgrau2.jpg 600w\" sizes=\"(max-width: 145px) 100vw, 145px\" \/><br \/>\nAls integraler Teil der Br\u00fccke, erfasst der <a href=\"https:\/\/www.ans-music.de\/index.php\/bratsch-geige-2\/\">ANS-Cello Pickup<\/a> m\u00fchelos die Eigendynamik des Instruments. Der Tonabnehmer \u00fcbertr\u00e4gt keinerlei Umweltger\u00e4usche und produziert keine R\u00fcckkopplungen. Dieser Tonabnehmer wird gerne von K\u00fcnstlern und Profis genutzt.<\/p>\n<p>&nbsp;<\/p>\n<p>&nbsp;<\/p>\n<p>&nbsp;<\/p>\n<p>&nbsp;<\/p>\n<hr \/>\n","protected":false},"excerpt":{"rendered":"<p>Professionelle Tonabnehmersysteme f\u00fcr Cello Die Pickups der ANS-Cello Serie sind speziell an diese Instrumente angepasst und bringen die Feinheiten hinsichtlich Dynamik und Impulstreue optimal zur Geltung. Auch sie sind aktiv und passiv erh\u00e4ltlich. In der <a class=\"more-link\" href=\"https:\/\/www.ans-music.de\/index.php\/cello\/\">weiterlesen&#8230;<\/a><\/p>\n","protected":false},"author":2,"featured_media":0,"parent":0,"menu_order":0,"comment_status":"closed","ping_status":"closed","template":"","meta":[],"_links":{"self":[{"href":"https:\/\/www.ans-music.de\/index.php\/wp-json\/wp\/v2\/pages\/80"}],"collection":[{"href":"https:\/\/www.ans-music.de\/index.php\/wp-json\/wp\/v2\/pages"}],"about":[{"href":"https:\/\/www.ans-music.de\/index.php\/wp-json\/wp\/v2\/types\/page"}],"author":[{"embeddable":true,"href":"https:\/\/www.ans-music.de\/index.php\/wp-json\/wp\/v2\/users\/2"}],"replies":[{"embeddable":true,"href":"https:\/\/www.ans-music.de\/index.php\/wp-json\/wp\/v2\/comments?post=80"}],"version-history":[{"count":28,"href":"https:\/\/www.ans-music.de\/index.php\/wp-json\/wp\/v2\/pages\/80\/revisions"}],"predecessor-version":[{"id":2000,"href":"https:\/\/www.ans-music.de\/index.php\/wp-json\/wp\/v2\/pages\/80\/revisions\/2000"}],"wp:attachment":[{"href":"https:\/\/www.ans-music.de\/index.php\/wp-json\/wp\/v2\/media?parent=80"}],"curies":[{"name":"wp","href":"https:\/\/api.w.org\/{rel}","templated":true}]}}