{"id":74,"date":"2018-03-04T19:59:28","date_gmt":"2018-03-04T19:59:28","guid":{"rendered":"http:\/\/www.ans-music.de\/?page_id=74"},"modified":"2018-09-13T09:23:09","modified_gmt":"2018-09-13T09:23:09","slug":"bratsch-geige","status":"publish","type":"page","link":"https:\/\/www.ans-music.de\/index.php\/bratsch-geige\/","title":{"rendered":"Geige\/Bratsche"},"content":{"rendered":"<h6><img decoding=\"async\" loading=\"lazy\" class=\"alignnone wp-image-442 size-full\" src=\"https:\/\/www.ans-music.de\/wp-content\/uploads\/2018\/03\/bratschgeigeleiste.jpg\" alt=\"\" width=\"5370\" height=\"1687\" srcset=\"https:\/\/www.ans-music.de\/wp-content\/uploads\/2018\/03\/bratschgeigeleiste.jpg 5370w, https:\/\/www.ans-music.de\/wp-content\/uploads\/2018\/03\/bratschgeigeleiste-300x94.jpg 300w, https:\/\/www.ans-music.de\/wp-content\/uploads\/2018\/03\/bratschgeigeleiste-768x241.jpg 768w, https:\/\/www.ans-music.de\/wp-content\/uploads\/2018\/03\/bratschgeigeleiste-1024x322.jpg 1024w\" sizes=\"(max-width: 5370px) 100vw, 5370px\" \/><\/h6>\n<h6><strong>Professionelles Tonabnehmersystem f\u00fcr Geige und Bratsche<\/strong><\/h6>\n<p>Die Pickups der ANS-Violine Serie sind speziell an diese Instrumente angepasst und bringen die Feinheiten hinsichtlich Dynamik und Impulstreue optimal zur Geltung. Auch sie sind aktiv und passiv erh\u00e4ltlich.<\/p>\n<p>In der aktiven Version k\u00f6nnen sie von geeigneten Verst\u00e4rkern, Mischpulten und der <a href=\"https:\/\/www.ans-music.de\/index.php\/ans-phantombox-acive-pickups\/\">ANS-phantombox<\/a> oder der <a href=\"https:\/\/www.ans-music.de\/index.php\/ans-preamp-unbalanced-out\/ans-professional-di\/\">ANS-professional-DI aktiv<\/a> mit Strom versorgt werden. Die passive Variante sollte f\u00fcr ein optimalee Ergebnis mit einem geeigneten Vorverst\u00e4rker wie <a href=\"https:\/\/www.ans-music.de\/index.php\/ans-preamp-one-passive-piezo-pickup\/\">ANS-preamp ONE,\u00a0 ANS-preamp TWO<\/a>, <a href=\"https:\/\/www.ans-music.de\/index.php\/ans-micro-di-i\/\">ANS-Micro-DI<\/a> oder der <a href=\"https:\/\/www.ans-music.de\/index.php\/ans-preamp-unbalanced-out\/ans-professional-di\/\">ANS-professional DI passiv<\/a> betrieben.<\/p>\n<p>Die f\u00fcr Sie zusammengestellten Kombinationen an Pickup und Preamp finden Sie in den\u00a0Bundles <a href=\"https:\/\/www.ans-music.de\/index.php\/ans-cello-pickup-prof-kit-i\">ANS-Violine Pickup prof.-Kit I II III<\/a><\/p>\n<h6>ANS-Violine Pickup activ \/ passiv \/ studio<\/h6>\n<p style=\"text-align: justify;\"><img decoding=\"async\" loading=\"lazy\" class=\"zoooom alignleft wp-image-1240\" src=\"https:\/\/www.ans-music.de\/wp-content\/uploads\/2018\/03\/preampgrau3-300x276.jpg\" alt=\"\" width=\"180\" height=\"166\" srcset=\"https:\/\/www.ans-music.de\/wp-content\/uploads\/2018\/03\/preampgrau3-300x276.jpg 300w, https:\/\/www.ans-music.de\/wp-content\/uploads\/2018\/03\/preampgrau3.jpg 649w\" sizes=\"(max-width: 180px) 100vw, 180px\" \/>Als integraler Teil der Br\u00fccke, erfasst der <a href=\"https:\/\/www.ans-music.de\/index.php\/bratsch-geige-2\/\">ANS-violine Pickup<\/a> m\u00fchelos die Eigendynamik des Instruments. Der Tonabnehmer \u00fcbertr\u00e4gt keinerlei Umweltger\u00e4usche und produziert keine R\u00fcckkopplungen. Dieser Tonabnehmer wird gerne von K\u00fcnstlern und Profis genutzt.<\/p>\n<p>&nbsp;<\/p>\n<p>&nbsp;<\/p>\n<p>&nbsp;<\/p>\n<hr \/>\n<h6><\/h6>\n<p>&nbsp;<\/p>\n<p>&nbsp;<\/p>\n","protected":false},"excerpt":{"rendered":"<p>Professionelles Tonabnehmersystem f\u00fcr Geige und Bratsche Die Pickups der ANS-Violine Serie sind speziell an diese Instrumente angepasst und bringen die Feinheiten hinsichtlich Dynamik und Impulstreue optimal zur Geltung. Auch sie sind aktiv und passiv erh\u00e4ltlich. <a class=\"more-link\" href=\"https:\/\/www.ans-music.de\/index.php\/bratsch-geige\/\">weiterlesen&#8230;<\/a><\/p>\n","protected":false},"author":2,"featured_media":0,"parent":0,"menu_order":0,"comment_status":"closed","ping_status":"closed","template":"","meta":[],"_links":{"self":[{"href":"https:\/\/www.ans-music.de\/index.php\/wp-json\/wp\/v2\/pages\/74"}],"collection":[{"href":"https:\/\/www.ans-music.de\/index.php\/wp-json\/wp\/v2\/pages"}],"about":[{"href":"https:\/\/www.ans-music.de\/index.php\/wp-json\/wp\/v2\/types\/page"}],"author":[{"embeddable":true,"href":"https:\/\/www.ans-music.de\/index.php\/wp-json\/wp\/v2\/users\/2"}],"replies":[{"embeddable":true,"href":"https:\/\/www.ans-music.de\/index.php\/wp-json\/wp\/v2\/comments?post=74"}],"version-history":[{"count":27,"href":"https:\/\/www.ans-music.de\/index.php\/wp-json\/wp\/v2\/pages\/74\/revisions"}],"predecessor-version":[{"id":2448,"href":"https:\/\/www.ans-music.de\/index.php\/wp-json\/wp\/v2\/pages\/74\/revisions\/2448"}],"wp:attachment":[{"href":"https:\/\/www.ans-music.de\/index.php\/wp-json\/wp\/v2\/media?parent=74"}],"curies":[{"name":"wp","href":"https:\/\/api.w.org\/{rel}","templated":true}]}}