{"id":71,"date":"2018-03-04T19:59:28","date_gmt":"2018-03-04T19:59:28","guid":{"rendered":"http:\/\/www.ans-music.de\/?page_id=71"},"modified":"2018-04-12T14:09:11","modified_gmt":"2018-04-12T14:09:11","slug":"ans-doublebass-studio","status":"publish","type":"page","link":"https:\/\/www.ans-music.de\/index.php\/ans-doublebass-studio\/","title":{"rendered":"ANS-doublebass studio I, -II, -III"},"content":{"rendered":"<h6>Die vollsymmetrische Weiterentwicklung des bassbalsereit-Pickups.<\/h6>\n<p align=\"justify\">Die ANS-doublebass studio Pickups geben ein sehr feines klares Bild Ihres Instrumentes wieder und zeichnen sich durch ihre hohe Dynamik aus. Pizzicato wie arco klingen sie gleicherma\u00dfen transparent, druckvoll und warm. Die typischen Einsatzszenarien sind Studio, kleine bis gro\u00dfe B\u00fchnen.<\/p>\n<ul>\n<li>Einbauanleitung deutsch\u00a0 <a href=\"https:\/\/www.ans-music.de\/wp-content\/uploads\/2018\/04\/einbauanleitung.pdf\" target=\"_blank\" rel=\"noopener\">download <\/a><\/li>\n<li>assembly instruction english\u00a0 <a href=\"https:\/\/www.ans-music.de\/wp-content\/uploads\/2018\/04\/einbauanleitung.pdf\" target=\"_blank\" rel=\"noopener\">download <\/a><\/li>\n<\/ul>\n<h4><u>Technische Daten:<\/u><\/h4>\n<h6><img decoding=\"async\" loading=\"lazy\" class=\"alignleft wp-image-1312 zoooom\" src=\"https:\/\/www.ans-music.de\/wp-content\/uploads\/2018\/03\/preampgrau7-300x278.jpg\" alt=\"\" width=\"250\" height=\"231\" srcset=\"https:\/\/www.ans-music.de\/wp-content\/uploads\/2018\/03\/preampgrau7-300x278.jpg 300w, https:\/\/www.ans-music.de\/wp-content\/uploads\/2018\/03\/preampgrau7.jpg 646w\" sizes=\"(max-width: 250px) 100vw, 250px\" \/>ANS double bass studio I<\/h6>\n<ul>\n<li style=\"list-style-type: none;\">\n<ul>\n<li>Ausgangspegel: 0dB (schwarz)<\/li>\n<li>Betrieb: Rundfunk- und Gro\u00dfmischpulte, pegelfeste Eing\u00e4nge<\/li>\n<li>Signal-und Rauschabstand unter 100db<\/li>\n<li>Symmetrischer XLR-Ausgang mit Phantomspeisung &gt;= +24V bis +48V<\/li>\n<\/ul>\n<\/li>\n<\/ul>\n<ul>\n<li>Preis: 439,00 \u20ac incl. 19% MwSt.<\/li>\n<li>BA download <a href=\"https:\/\/www.ans-music.de\/wp-content\/uploads\/2018\/04\/ans-studio03.pdf\">deutsch<\/a> englisch<\/li>\n<li><a href=\"https:\/\/www.ans-music.de\/index.php\/zubehoer\/\">Zubeh\u00f6r<\/a><\/li>\n<li><a href=\"https:\/\/www.ans-music.de\/index.php\/bestell-ans-double-bass-studio-i\/\">Produkt bestellen<\/a><\/li>\n<\/ul>\n<p>&nbsp;<\/p>\n<h6><img decoding=\"async\" loading=\"lazy\" class=\"alignleft wp-image-1311 zoooom\" src=\"https:\/\/www.ans-music.de\/wp-content\/uploads\/2018\/03\/preampgrau6-300x278.jpg\" alt=\"\" width=\"250\" height=\"231\" srcset=\"https:\/\/www.ans-music.de\/wp-content\/uploads\/2018\/03\/preampgrau6-300x278.jpg 300w, https:\/\/www.ans-music.de\/wp-content\/uploads\/2018\/03\/preampgrau6.jpg 646w\" sizes=\"(max-width: 250px) 100vw, 250px\" \/> ANS double bass studio II<\/h6>\n<ul>\n<li>Ausgangspegel:-20dB (gr\u00fcn)<\/li>\n<li>Betrieb: normale Mischpulte und Amp&#8217;s mit Mikrofoneingang<\/li>\n<li>Betrieb: Rundfunk- und Gro\u00dfmischpulte, pegelfeste Eing\u00e4nge<\/li>\n<li>Signal-und Rauschabstand unter 100db<\/li>\n<li>Symmetrischer XLR-Ausgang mit Phantomspeisung &gt;= +24V bis +48V<\/li>\n<\/ul>\n<ul>\n<li>Preis: 439,00 \u20ac incl. 19% MWSt<\/li>\n<li>BA download <a href=\"https:\/\/www.ans-music.de\/wp-content\/uploads\/2018\/04\/ans-studio03.pdf\">deutsch<\/a> englisch<\/li>\n<li><a href=\"https:\/\/www.ans-music.de\/index.php\/zubehoer\/\">Zubeh\u00f6r<\/a><\/li>\n<li><a href=\"https:\/\/www.ans-music.de\/index.php\/bestellung-und-kontakt-ans-double-bass-studio-ii\/\">Produkt bestellen<\/a><\/li>\n<\/ul>\n<p>&nbsp;<\/p>\n<h6><img decoding=\"async\" loading=\"lazy\" class=\"alignleft wp-image-1310 zoooom\" src=\"https:\/\/www.ans-music.de\/wp-content\/uploads\/2018\/03\/preampgrau5-300x278.jpg\" alt=\"\" width=\"250\" height=\"231\" srcset=\"https:\/\/www.ans-music.de\/wp-content\/uploads\/2018\/03\/preampgrau5-300x278.jpg 300w, https:\/\/www.ans-music.de\/wp-content\/uploads\/2018\/03\/preampgrau5.jpg 646w\" sizes=\"(max-width: 250px) 100vw, 250px\" \/> ANS double bass studio III<\/h6>\n<ul>\n<li>Ausgangspegel:-30dB (blau)<\/li>\n<li>Betrieb: Kleinstmischpulte, sehr empfindliche Amp&#8217;s und Preamps<\/li>\n<li>Signal-und Rauschabstand unter 100db<\/li>\n<li>Symmetrischer XLR-Ausgang mit Phantomspeisung &gt;= +24V bis +48V<\/li>\n<\/ul>\n<ul>\n<li>Preis: 439,00 \u20ac incl. 19% MWSt<\/li>\n<li>BA download <a href=\"https:\/\/www.ans-music.de\/wp-content\/uploads\/2018\/04\/ans-studio03.pdf\">deutsch<\/a> englisch<\/li>\n<li><a href=\"https:\/\/www.ans-music.de\/index.php\/zubehoer\/\">Zubeh\u00f6r<\/a><\/li>\n<li><a href=\"https:\/\/www.ans-music.de\/index.php\/bestell-ans-double-bass-studio-iii\/\">Produkt bestellen<\/a><\/li>\n<\/ul>\n","protected":false},"excerpt":{"rendered":"<p>Die vollsymmetrische Weiterentwicklung des bassbalsereit-Pickups. Die ANS-doublebass studio Pickups geben ein sehr feines klares Bild Ihres Instrumentes wieder und zeichnen sich durch ihre hohe Dynamik aus. Pizzicato wie arco klingen sie gleicherma\u00dfen transparent, druckvoll und <a class=\"more-link\" href=\"https:\/\/www.ans-music.de\/index.php\/ans-doublebass-studio\/\">weiterlesen&#8230;<\/a><\/p>\n","protected":false},"author":2,"featured_media":0,"parent":0,"menu_order":0,"comment_status":"closed","ping_status":"closed","template":"","meta":[],"_links":{"self":[{"href":"https:\/\/www.ans-music.de\/index.php\/wp-json\/wp\/v2\/pages\/71"}],"collection":[{"href":"https:\/\/www.ans-music.de\/index.php\/wp-json\/wp\/v2\/pages"}],"about":[{"href":"https:\/\/www.ans-music.de\/index.php\/wp-json\/wp\/v2\/types\/page"}],"author":[{"embeddable":true,"href":"https:\/\/www.ans-music.de\/index.php\/wp-json\/wp\/v2\/users\/2"}],"replies":[{"embeddable":true,"href":"https:\/\/www.ans-music.de\/index.php\/wp-json\/wp\/v2\/comments?post=71"}],"version-history":[{"count":36,"href":"https:\/\/www.ans-music.de\/index.php\/wp-json\/wp\/v2\/pages\/71\/revisions"}],"predecessor-version":[{"id":1957,"href":"https:\/\/www.ans-music.de\/index.php\/wp-json\/wp\/v2\/pages\/71\/revisions\/1957"}],"wp:attachment":[{"href":"https:\/\/www.ans-music.de\/index.php\/wp-json\/wp\/v2\/media?parent=71"}],"curies":[{"name":"wp","href":"https:\/\/api.w.org\/{rel}","templated":true}]}}