{"id":66,"date":"2018-03-04T19:59:28","date_gmt":"2018-03-04T19:59:28","guid":{"rendered":"http:\/\/www.ans-music.de\/?page_id=66"},"modified":"2018-04-02T14:11:24","modified_gmt":"2018-04-02T14:11:24","slug":"preamps","status":"publish","type":"page","link":"https:\/\/www.ans-music.de\/index.php\/preamps\/","title":{"rendered":"Preamps"},"content":{"rendered":"<p align=\"justify\">Preamps der ANS-Serie\u00a0helfen, das klangliche Potential eines Tonabnehmers voll auszusch\u00f6pfen und spielen bei passiven und aktiven Pickups all Ihre St\u00e4rken aus, ohne Einschr\u00e4nkungen hinsichtlich der Klangtreue durch lange, bzw. schlechte Kabel oder anders geartete Beeinflussungen. Dabei ist die Verwendung des Verst\u00e4rker, Aktivbox oder Mischpult v\u00f6llig unabh\u00e4ngig. Die ANS-Preamps passen die Pickups der ANS-Serie (und anderer Hersteller) exakt an die jeweiligen Verst\u00e4rker-, Sender- oder Mischpulteeing\u00e4nge an. Es sind sowohl Preamps f\u00fcr <a href=\"..\/index.php\/ans-preamp-unbalanced\/\">asymmetrische \/ unbalanced<\/a> wie <a href=\"..\/index.php\/ans-preamp-unbalanced-out\/\">symmterische \/ balanced<\/a> Eing\u00e4nge verf\u00fcgbar.<\/p>\n","protected":false},"excerpt":{"rendered":"<p>Preamps der ANS-Serie\u00a0helfen, das klangliche Potential eines Tonabnehmers voll auszusch\u00f6pfen und spielen bei passiven und aktiven Pickups all Ihre St\u00e4rken aus, ohne Einschr\u00e4nkungen hinsichtlich der Klangtreue durch lange, bzw. schlechte Kabel oder anders geartete Beeinflussungen. <a class=\"more-link\" href=\"https:\/\/www.ans-music.de\/index.php\/preamps\/\">weiterlesen&#8230;<\/a><\/p>\n","protected":false},"author":2,"featured_media":1394,"parent":0,"menu_order":0,"comment_status":"closed","ping_status":"closed","template":"","meta":[],"_links":{"self":[{"href":"https:\/\/www.ans-music.de\/index.php\/wp-json\/wp\/v2\/pages\/66"}],"collection":[{"href":"https:\/\/www.ans-music.de\/index.php\/wp-json\/wp\/v2\/pages"}],"about":[{"href":"https:\/\/www.ans-music.de\/index.php\/wp-json\/wp\/v2\/types\/page"}],"author":[{"embeddable":true,"href":"https:\/\/www.ans-music.de\/index.php\/wp-json\/wp\/v2\/users\/2"}],"replies":[{"embeddable":true,"href":"https:\/\/www.ans-music.de\/index.php\/wp-json\/wp\/v2\/comments?post=66"}],"version-history":[{"count":12,"href":"https:\/\/www.ans-music.de\/index.php\/wp-json\/wp\/v2\/pages\/66\/revisions"}],"predecessor-version":[{"id":1395,"href":"https:\/\/www.ans-music.de\/index.php\/wp-json\/wp\/v2\/pages\/66\/revisions\/1395"}],"wp:featuredmedia":[{"embeddable":true,"href":"https:\/\/www.ans-music.de\/index.php\/wp-json\/wp\/v2\/media\/1394"}],"wp:attachment":[{"href":"https:\/\/www.ans-music.de\/index.php\/wp-json\/wp\/v2\/media?parent=66"}],"curies":[{"name":"wp","href":"https:\/\/api.w.org\/{rel}","templated":true}]}}