{"id":45,"date":"2018-03-04T19:34:50","date_gmt":"2018-03-04T19:34:50","guid":{"rendered":"http:\/\/www.ans-music.de\/?page_id=45"},"modified":"2018-04-16T06:47:53","modified_gmt":"2018-04-16T06:47:53","slug":"pickups","status":"publish","type":"page","link":"https:\/\/www.ans-music.de\/index.php\/pickups\/","title":{"rendered":"Pickups"},"content":{"rendered":"<div>\n<p align=\"justify\">ANS-Tonabnehmer sind professionelle Werkzeuge die Ihr Instrument optimal an alle B\u00fchnensituationen (direkt in ein Mischpult, Verst\u00e4rker oder per Funk) adaptieren. Sie sind entweder passiv oder aktiv erh\u00e4ltlich.<\/p>\n<p align=\"justify\">Die aktiven Varianten enthalten einen integrierten Preamp (Vorverst\u00e4rker), der das \u00e4u\u00dferst empfindliche Signal des Instruments unempfindlich gegen elektrische Einstreuungen und Einbu\u00dfen durch Kabel macht. Die Stromversorgung der aktiven Varianten \u00fcbernehmen Mischpulte, Verst\u00e4rker oder die <a href=\"..\/index.php\/ans-phantombox-acive-pickups\/\" target=\"_blank\" rel=\"noopener\">ANS-Phantombox<\/a> bzw. die <a href=\"..\/index.php\/ans-preamp-unbalanced-out\/ans-professional-di\/\" target=\"_blank\" rel=\"noopener\">ANS-professional-DI \/ aktiv<\/a>.<\/p>\n<p align=\"justify\">Die passiven Varianten ben\u00f6tigen passende Vorverst\u00e4rker wie z. B. den <a href=\"..\/index.php\/ans-preamp-one-passive-piezo-pickup\/\" target=\"_blank\" rel=\"noopener\">ANS-preamp-ONE<\/a>, <a href=\"..\/index.php\/ans-micro-di-i\/\" target=\"_blank\" rel=\"noopener\">ANS-micro-DI, ANS-kabel-DI<\/a> oder die <a href=\"..\/index.php\/ans-preamp-unbalanced-out\/ans-professional-di\/\" target=\"_blank\" rel=\"noopener\">ANS-professional-DI \/ passiv<\/a>.<\/p>\n<p align=\"justify\">Vom <a href=\"..\/index.php\/kontrabass\/\" target=\"_blank\" rel=\"noopener\">Kontrabass<\/a> \u00fcber <a href=\"..\/index.php\/bratsch-geige\/\" target=\"_blank\" rel=\"noopener\">Geige,\u00a0<\/a><a href=\"..\/index.php\/bratsch-geige\/\" target=\"_blank\" rel=\"noopener\">Bratsche<\/a>, <a href=\"..\/index.php\/cello\/\" target=\"_blank\" rel=\"noopener\">Cello<\/a> bis hin zu Sitar und Sarod, erm\u00f6glichen ANS-Pickups die klanglich lebendige und nat\u00fcrliche Abbildung Ihrer Zupf- und Streichinstrumente.<\/p>\n<\/div>\n","protected":false},"excerpt":{"rendered":"<p>ANS-Tonabnehmer sind professionelle Werkzeuge die Ihr Instrument optimal an alle B\u00fchnensituationen (direkt in ein Mischpult, Verst\u00e4rker oder per Funk) adaptieren. Sie sind entweder passiv oder aktiv erh\u00e4ltlich. Die aktiven Varianten enthalten einen integrierten Preamp (Vorverst\u00e4rker), <a class=\"more-link\" href=\"https:\/\/www.ans-music.de\/index.php\/pickups\/\">weiterlesen&#8230;<\/a><\/p>\n","protected":false},"author":2,"featured_media":1393,"parent":0,"menu_order":0,"comment_status":"closed","ping_status":"closed","template":"","meta":[],"_links":{"self":[{"href":"https:\/\/www.ans-music.de\/index.php\/wp-json\/wp\/v2\/pages\/45"}],"collection":[{"href":"https:\/\/www.ans-music.de\/index.php\/wp-json\/wp\/v2\/pages"}],"about":[{"href":"https:\/\/www.ans-music.de\/index.php\/wp-json\/wp\/v2\/types\/page"}],"author":[{"embeddable":true,"href":"https:\/\/www.ans-music.de\/index.php\/wp-json\/wp\/v2\/users\/2"}],"replies":[{"embeddable":true,"href":"https:\/\/www.ans-music.de\/index.php\/wp-json\/wp\/v2\/comments?post=45"}],"version-history":[{"count":26,"href":"https:\/\/www.ans-music.de\/index.php\/wp-json\/wp\/v2\/pages\/45\/revisions"}],"predecessor-version":[{"id":1992,"href":"https:\/\/www.ans-music.de\/index.php\/wp-json\/wp\/v2\/pages\/45\/revisions\/1992"}],"wp:featuredmedia":[{"embeddable":true,"href":"https:\/\/www.ans-music.de\/index.php\/wp-json\/wp\/v2\/media\/1393"}],"wp:attachment":[{"href":"https:\/\/www.ans-music.de\/index.php\/wp-json\/wp\/v2\/media?parent=45"}],"curies":[{"name":"wp","href":"https:\/\/api.w.org\/{rel}","templated":true}]}}