{"id":252,"date":"2018-03-07T19:10:40","date_gmt":"2018-03-07T19:10:40","guid":{"rendered":"http:\/\/www.ans-music.de\/?page_id=252"},"modified":"2018-04-11T12:01:02","modified_gmt":"2018-04-11T12:01:02","slug":"ans-realbass-210-h","status":"publish","type":"page","link":"https:\/\/www.ans-music.de\/index.php\/ans-realbass-210-h\/","title":{"rendered":"ANS realbass 210\/H"},"content":{"rendered":"<h6>Die Erweiterung der 210&#8217;er<\/h6>\n<p style=\"text-align: justify;\">Auch hier ein altes Konzept im neuen Gewand, Altes neu aufgelegt und dabei modernste Lautsprecher in einem leichten Geh\u00e4use f\u00fcr optimalen Doppelzehner-Spa\u00df &#8211; <strong>mit Geklacker<\/strong>.<br \/>\nDruck und nochmals Druck ohne &#8222;gequ\u00e4ltes Ambiente&#8220;. Die beiden 10&#8243; Lautsprecher haben einen richtig guten Wirkungsgrad und klingen immer frei und ungequ\u00e4lt &#8211; mit dem in 6 Stufen zuschaltbaren Ringradiator zeichnen Sie zudem feine unaufdringliche H\u00f6hen. Alleine und gestackt, auch mit einer &#8222;normalen&#8220; 210&#8217;er, geht hier die Post ab. Doppel-10&#8217;er plus Horn at it&#8217;s best &#8230;<\/p>\n<p style=\"text-align: justify;\">In diesem Segment tummeln sich viele Hersteller. Warum also noch eine Doppelzehner mit &#8222;H\u00f6rnchen&#8220;? Einfach gesagt, aber nicht einfach gemacht. Die Box verbindet die konzeptionellen Qualit\u00e4ten mit konsequenter Fehlervermeidung. Keine Kompromisse bei den Speakern, Position und Dimensionierung der Reflextunnel, der aufwendigen Auslegung der 6-stufig schaltbaren Weiche, dem leichten Geh\u00e4use und schon gar nicht bei der echten Leistung. Die beiden 10&#8217;er vertragen gerne 800 W RMS, der Ringradiator liefert die Blitzlichter dazu. Mit dem richtigen Verst\u00e4rker (z. B. realbass (DUO\/Single) SOLO TOP ist damit Feuer in der H\u00fctte &#8211; nat\u00fcrlich nur falls man das braucht &#8230;<br \/>\nWie ihre Br\u00fcder (210 und 112\/5) profitiert sie zudem von unserem neuen patentierten Griffsystem mit vier gut erreichbaren Griffen an den Ecken, die gleichzeitig einen wirklichen Kantenschutz darstellen. Die an zwei Seiten angebrachten robusten F\u00fc\u00dfe erlauben die Box stehend oder liegend zu betreiben. Die beiden parallelen Speakon-Anschl\u00fcsse befinden sich in auf der R\u00fcckseite mit dem Drehschalter f\u00fcr den Hocht\u00f6ner in einer versenkten Griffschale. Die Box l\u00e4sst sich problemlos als zweite Box an die reablass &#8211; Combos anschliessen.<\/p>\n\n<h4><u>Technische Daten:<\/u><\/h4>\n\n<table id=\"tablepress-12\" class=\"tablepress tablepress-id-12\">\n<tbody>\n<tr class=\"row-1\">\n\t<td class=\"column-1\">- Bassreflexbox, passiv<br \/>\n- 2 Hochleistungs-Lautsprecher (10\u2033)<br \/>\n- Hocht\u00f6ner<br \/>\n- 800 W RMS<br \/>\n- Grenzfrequenz <  47Hz .. 18 KHz<br \/>\n- Impendanz 4\u03a9 \/ 8\u03a9 \/ 16\u03a9 erh\u00e4ltlich<br \/>\n<\/td><td class=\"column-2\">- Gewicht 16,5 Kg<br \/>\n- Masse (HxBxT) 61 x 48 x 38,5 cm<br \/>\n- 2 x Speakon<br \/>\n- 4 Edelstahlgriffe<br \/>\n- 8 Gummif\u00fcsse (an 2 Seiten)<\/td>\n<\/tr>\n<\/tbody>\n<\/table>\n<!-- #tablepress-12 from cache -->\n<h6>Preis: 1345,00 \u20ac incl. 19% MWSt<\/h6>\n<h6>BA download<\/h6>\n<h6><a href=\"https:\/\/www.ans-music.de\/index.php\/zubehoer\/\">Zubeh\u00f6r<\/a><\/h6>\n<h6><a href=\"https:\/\/www.ans-music.de\/index.php\/bestellung-und-kontakt-ans-realbass-210-h\/\">Produkt bestellen<\/a><\/h6>\n","protected":false},"excerpt":{"rendered":"<p>Die Erweiterung der 210&#8217;er Auch hier ein altes Konzept im neuen Gewand, Altes neu aufgelegt und dabei modernste Lautsprecher in einem leichten Geh\u00e4use f\u00fcr optimalen Doppelzehner-Spa\u00df &#8211; mit Geklacker. Druck und nochmals Druck ohne &#8222;gequ\u00e4ltes <a class=\"more-link\" href=\"https:\/\/www.ans-music.de\/index.php\/ans-realbass-210-h\/\">weiterlesen&#8230;<\/a><\/p>\n","protected":false},"author":2,"featured_media":0,"parent":0,"menu_order":0,"comment_status":"closed","ping_status":"closed","template":"","meta":[],"_links":{"self":[{"href":"https:\/\/www.ans-music.de\/index.php\/wp-json\/wp\/v2\/pages\/252"}],"collection":[{"href":"https:\/\/www.ans-music.de\/index.php\/wp-json\/wp\/v2\/pages"}],"about":[{"href":"https:\/\/www.ans-music.de\/index.php\/wp-json\/wp\/v2\/types\/page"}],"author":[{"embeddable":true,"href":"https:\/\/www.ans-music.de\/index.php\/wp-json\/wp\/v2\/users\/2"}],"replies":[{"embeddable":true,"href":"https:\/\/www.ans-music.de\/index.php\/wp-json\/wp\/v2\/comments?post=252"}],"version-history":[{"count":19,"href":"https:\/\/www.ans-music.de\/index.php\/wp-json\/wp\/v2\/pages\/252\/revisions"}],"predecessor-version":[{"id":1948,"href":"https:\/\/www.ans-music.de\/index.php\/wp-json\/wp\/v2\/pages\/252\/revisions\/1948"}],"wp:attachment":[{"href":"https:\/\/www.ans-music.de\/index.php\/wp-json\/wp\/v2\/media?parent=252"}],"curies":[{"name":"wp","href":"https:\/\/api.w.org\/{rel}","templated":true}]}}