{"id":251,"date":"2018-03-07T19:10:40","date_gmt":"2018-03-07T19:10:40","guid":{"rendered":"http:\/\/www.ans-music.de\/?page_id=251"},"modified":"2018-09-13T09:21:01","modified_gmt":"2018-09-13T09:21:01","slug":"ans-realbass-210","status":"publish","type":"page","link":"https:\/\/www.ans-music.de\/index.php\/ans-realbass-210\/","title":{"rendered":"ANS realbass 210"},"content":{"rendered":"<h6>Eine altes Konzept im neuen Gewand.<\/h6>\n<p style=\"text-align: justify;\">Altes neu aufgelegt, mit modernsten Lautsprecher in einem leichten Geh\u00e4use f\u00fcr optimalen Doppelzehner-Spa\u00df <strong>ohne Geklacker<\/strong>. Druck und nochmals Druck ohne &#8222;gequ\u00e4ltes Ambiente&#8220;. Die beiden 10&#8243; Lautsprecher bieten einen extrem guten Wirkungsgrad und klingen immer frei und ungequ\u00e4lt. Gestackt und auch alleine geht hier die Post ab. &#8222;Doppel 10&#8217;er&#8220; at it&#8217;s best &#8230;In diesem Segment tummeln sich viele. Warum also noch eine Doppelzehner? Das ist einfach gesagt, aber nicht einfach gemacht. Die Box verbindet die konzeptionellen Qualit\u00e4ten mit konsequenter Fehlervermeidung. Keine Kompromisse bei den Speakern, Position und Dimensionierung der Reflextunnel, dem Geh\u00e4use und schon gar nicht bei der echten Leistung. Die beiden 10&#8217;er vertragen gerne 800 W RMS. Mit dem richtigen Verst\u00e4rker (z. B. realbass (DUO\/Single) SOLO D mit 1400 W RMS) ist damit Feuer in der H\u00fctte &#8211; nat\u00fcrlich nur falls man das braucht &#8230;Wie ihre Br\u00fcder (210H und 112\/5) profitiert sie zudem von unserem neuen patentierten Griffsystem mit vier gut erreichbaren Griffen an den Ecken, die gleichzeitig einen wirklichen Kantenschutz darstellen. Sie kann problemlos als zweiter Lautsprecher an den realbass-Combo angeschlossen werden.<\/p>\n\n<h4><u>Technische Daten:<\/u><\/h4>\n<h6 style=\"text-align: left;\">\n<table id=\"tablepress-11\" class=\"tablepress tablepress-id-11\">\n<tbody>\n<tr class=\"row-1\">\n\t<td class=\"column-1\">- Bassreflexbox, passiv<br \/>\n- 2 Hochleistungs-Lautsprecher (10\u2033)<br \/>\n- 800 W RMS<br \/>\n- Grenzfrequenz  40Hz .. 6,5 KHz<br \/>\n- Impendanz 4\u03a9 \/ 8\u03a9 \/ 16\u03a9 erh\u00e4ltlich<br \/>\n<\/td><td class=\"column-2\">- Gewicht 16 Kg<br \/>\n- Masse (HxBxT) 61 x 48 x 38,5 cm<br \/>\n- 2 x Speakon<br \/>\n- 4 Edelstahlgriffe<br \/>\n- 8 Gummif\u00fcsse (an 2 Seiten)<\/td>\n<\/tr>\n<\/tbody>\n<\/table>\n<!-- #tablepress-11 from cache --><\/h6>\n<h6>Preis: 1245,00 \u20ac incl. 19% MWSt<\/h6>\n<h6 style=\"text-align: left;\">BA download<\/h6>\n<h6 style=\"text-align: left;\">Zubeh\u00f6r<\/h6>\n<h6><a href=\"https:\/\/www.ans-music.de\/index.php\/bestellung-ans-realbass-210\/\">Produkt bestellen<\/a><\/h6>\n","protected":false},"excerpt":{"rendered":"<p>Eine altes Konzept im neuen Gewand. Altes neu aufgelegt, mit modernsten Lautsprecher in einem leichten Geh\u00e4use f\u00fcr optimalen Doppelzehner-Spa\u00df ohne Geklacker. Druck und nochmals Druck ohne &#8222;gequ\u00e4ltes Ambiente&#8220;. Die beiden 10&#8243; Lautsprecher bieten einen extrem <a class=\"more-link\" href=\"https:\/\/www.ans-music.de\/index.php\/ans-realbass-210\/\">weiterlesen&#8230;<\/a><\/p>\n","protected":false},"author":2,"featured_media":0,"parent":0,"menu_order":0,"comment_status":"closed","ping_status":"closed","template":"","meta":[],"_links":{"self":[{"href":"https:\/\/www.ans-music.de\/index.php\/wp-json\/wp\/v2\/pages\/251"}],"collection":[{"href":"https:\/\/www.ans-music.de\/index.php\/wp-json\/wp\/v2\/pages"}],"about":[{"href":"https:\/\/www.ans-music.de\/index.php\/wp-json\/wp\/v2\/types\/page"}],"author":[{"embeddable":true,"href":"https:\/\/www.ans-music.de\/index.php\/wp-json\/wp\/v2\/users\/2"}],"replies":[{"embeddable":true,"href":"https:\/\/www.ans-music.de\/index.php\/wp-json\/wp\/v2\/comments?post=251"}],"version-history":[{"count":25,"href":"https:\/\/www.ans-music.de\/index.php\/wp-json\/wp\/v2\/pages\/251\/revisions"}],"predecessor-version":[{"id":2023,"href":"https:\/\/www.ans-music.de\/index.php\/wp-json\/wp\/v2\/pages\/251\/revisions\/2023"}],"wp:attachment":[{"href":"https:\/\/www.ans-music.de\/index.php\/wp-json\/wp\/v2\/media?parent=251"}],"curies":[{"name":"wp","href":"https:\/\/api.w.org\/{rel}","templated":true}]}}