{"id":247,"date":"2018-03-07T19:10:40","date_gmt":"2018-03-07T19:10:40","guid":{"rendered":"http:\/\/www.ans-music.de\/?page_id=247"},"modified":"2018-04-16T09:27:05","modified_gmt":"2018-04-16T09:27:05","slug":"ans-boxen-cabinets","status":"publish","type":"page","link":"https:\/\/www.ans-music.de\/index.php\/ans-boxen-cabinets\/","title":{"rendered":"ANS Boxen \/ Cabinets"},"content":{"rendered":"<h5>ANS-Micro 5\u00a0 &#8230; die Nische f\u00fcr eine kleine Revolution &#8230;<\/h5>\n<p style=\"text-align: justify;\"><img decoding=\"async\" loading=\"lazy\" class=\"wp-image-974 alignleft\" src=\"https:\/\/www.ans-music.de\/wp-content\/uploads\/2018\/03\/realbass-baby_kleiner-1-176x300.jpg\" alt=\"\" width=\"105\" height=\"179\" srcset=\"https:\/\/www.ans-music.de\/wp-content\/uploads\/2018\/03\/realbass-baby_kleiner-1-176x300.jpg 176w, https:\/\/www.ans-music.de\/wp-content\/uploads\/2018\/03\/realbass-baby_kleiner-1-768x1306.jpg 768w, https:\/\/www.ans-music.de\/wp-content\/uploads\/2018\/03\/realbass-baby_kleiner-1-602x1024.jpg 602w, https:\/\/www.ans-music.de\/wp-content\/uploads\/2018\/03\/realbass-baby_kleiner-1.jpg 800w\" sizes=\"(max-width: 105px) 100vw, 105px\" \/>Wer Kontrabass in etwas lauterem Umfeld spielen muss, kennt das Problem mit dem Bassmonitoring. Diese kleine Box wird auf einem Mikrofonst\u00e4nder geschraubt und in Kopfh\u00f6he neben dem Instrument aufgestellt. Der verwendete Lautsprecher ist ein 5&#8243; Breitbandneodymspeaker mit echten 200W RMS. Der Wirkungsgrat ist excellent und das Abbild Ihres Kontrabasses ist eindeutig zu erkennen. <a href=\"https:\/\/www.ans-music.de\/index.php\/ans-realbass-micro-5\/\">Weiterlesen..<\/a>.<\/p>\n<p>&nbsp;<\/p>\n<p>&nbsp;<\/p>\n<hr \/>\n<h4>ANS realbass 112\/5 &#8230; eine neues Konzept<\/h4>\n<h6>\n<p align=\"justify\">\u00a0<img decoding=\"async\" loading=\"lazy\" class=\"alignleft wp-image-1057 zoooom\" src=\"https:\/\/www.ans-music.de\/wp-content\/uploads\/2018\/03\/1125neu4-300x290.jpg\" alt=\"\" width=\"145\" height=\"140\" srcset=\"https:\/\/www.ans-music.de\/wp-content\/uploads\/2018\/03\/1125neu4-300x290.jpg 300w, https:\/\/www.ans-music.de\/wp-content\/uploads\/2018\/03\/1125neu4.jpg 615w\" sizes=\"(max-width: 145px) 100vw, 145px\" \/>Ein 12&#8217;er und ein 5&#8217;er\u00a0 &#8211; beides Hochleistungslautsprecher mit extremer Leistung (900 W RMS, 200 W RMS), sind sicher nur schwer an ihre Grenzen zu treiben. Sie bieten extremen Headroom, vor allem bei Impulsen &#8211; das Geheimnis guten Sounds &#8211; bei akustischen Instrumenten und E-B\u00e4ssen..<a href=\"https:\/\/www.ans-music.de\/index.php\/ans-realbass-112-5\/\">weiterlesen&#8230;.<\/a><\/p>\n<\/h6>\n<p>&nbsp;<\/p>\n<p>&nbsp;<\/p>\n<hr \/>\n<h5>ANS realbass 210 &#8230; ein altes Konzept im neuen Gewand.<\/h5>\n<p style=\"text-align: justify;\"><img decoding=\"async\" loading=\"lazy\" class=\"alignleft wp-image-1062 zoooom\" src=\"https:\/\/www.ans-music.de\/wp-content\/uploads\/2018\/03\/210neu2-233x300.jpg\" alt=\"\" width=\"145\" height=\"186\" srcset=\"https:\/\/www.ans-music.de\/wp-content\/uploads\/2018\/03\/210neu2-233x300.jpg 233w, https:\/\/www.ans-music.de\/wp-content\/uploads\/2018\/03\/210neu2.jpg 465w\" sizes=\"(max-width: 145px) 100vw, 145px\" \/>Altes neu aufgelegt, mit modernsten Lautsprecher in einem leichten Geh\u00e4use f\u00fcr optimalen Doppelzehner-Spa\u00df <strong>ohne Geklacker<\/strong>. Druck und nochmals Druck ohne \u201egequ\u00e4ltes Ambiente\u201c. Die beiden 10\u2033 Lautsprecher bieten einen extrem guten Wirkungsgrad und klingen immer frei und ungequ\u00e4lt. Gestackt und auch alleine geht hier die Post ab. \u201eDoppel 10\u2019er\u201c at it\u2019s best \u2026In diesem Segment tummeln sich viele. Warum also noch eine Doppelzehner? <a href=\"https:\/\/www.ans-music.de\/index.php\/ans-realbass-210\/\">Weiterlesen&#8230;.<\/a><\/p>\n<p>&nbsp;<\/p>\n<p>&nbsp;<\/p>\n<hr \/>\n<h5>ANS realbass 210\/H\u00a0 &#8230; die Erweiterung der 210\u2019er<\/h5>\n<p style=\"text-align: justify;\"><img decoding=\"async\" loading=\"lazy\" class=\"zoooom alignleft wp-image-481\" src=\"https:\/\/www.ans-music.de\/wp-content\/uploads\/2018\/03\/realbass-210-H-235x300.jpg\" alt=\"\" width=\"145\" height=\"185\" srcset=\"https:\/\/www.ans-music.de\/wp-content\/uploads\/2018\/03\/realbass-210-H-235x300.jpg 235w, https:\/\/www.ans-music.de\/wp-content\/uploads\/2018\/03\/realbass-210-H.jpg 555w\" sizes=\"(max-width: 145px) 100vw, 145px\" \/>Altes neu aufgelegt, mit modernsten Lautsprecher in einem leichten Geh\u00e4use f\u00fcr optimalen Doppelzehner-Spa\u00df <strong>mit Geklacker<\/strong>. Druck und nochmals Druck ohne \u201egequ\u00e4ltes Ambiente\u201c. Die beiden 10\u2033 Lautsprecher bieten einen extrem guten Wirkungsgrad und klingen immer frei und ungequ\u00e4lt. Gestackt und auch alleine geht hier die Post ab. \u201eDoppel 10\u2019er\u201c at it\u2019s best \u2026In diesem Segment tummeln sich viele. Warum also noch eine Doppelzehner mit &#8222;H\u00f6rnchen&#8220;? <a href=\"https:\/\/www.ans-music.de\/index.php\/ans-realbass-210-h\/\">Weiterlesen&#8230;.<\/a><\/p>\n<p>&nbsp;<\/p>\n<p>&nbsp;<\/p>\n<p>&nbsp;<\/p>\n<p>&nbsp;<\/p>\n<p style=\"text-align: justify;\">Alle drei Boxen 210, 210H und 112\/5 profitieren von unserem neuen patentierten Griffsystem mit vier gut erreichbaren Edelstahlgriffen an jeder Ecke. Sie stellen gleichzeitig einen perfekten Kantenschutz dar. Die an zwei Seiten angebrachten robusten F\u00fc\u00dfe erlauben die Box stehend oder liegend zu betreiben. Die beiden parallelen Speakon-Anschl\u00fcsse befinden sich in auf der R\u00fcckseite mit dem Drehschalter f\u00fcr den Hocht\u00f6ner in einer versenkten Griffschale. Die Box l\u00e4sst sich problemlos als zweite Box an die <a href=\"https:\/\/www.ans-music.de\/index.php\/combo-amps\/\">realbass SINGLE\/DUO<\/a> anschliessen.Alle drei k\u00f6nnen z. B. einfach an den zweiten Boxenausgang der realbass-Serie angeschlossen werden.<\/p>\n","protected":false},"excerpt":{"rendered":"<p>ANS-Micro 5\u00a0 &#8230; die Nische f\u00fcr eine kleine Revolution &#8230; Wer Kontrabass in etwas lauterem Umfeld spielen muss, kennt das Problem mit dem Bassmonitoring. Diese kleine Box wird auf einem Mikrofonst\u00e4nder geschraubt und in Kopfh\u00f6he <a class=\"more-link\" href=\"https:\/\/www.ans-music.de\/index.php\/ans-boxen-cabinets\/\">weiterlesen&#8230;<\/a><\/p>\n","protected":false},"author":2,"featured_media":0,"parent":0,"menu_order":0,"comment_status":"closed","ping_status":"closed","template":"","meta":[],"_links":{"self":[{"href":"https:\/\/www.ans-music.de\/index.php\/wp-json\/wp\/v2\/pages\/247"}],"collection":[{"href":"https:\/\/www.ans-music.de\/index.php\/wp-json\/wp\/v2\/pages"}],"about":[{"href":"https:\/\/www.ans-music.de\/index.php\/wp-json\/wp\/v2\/types\/page"}],"author":[{"embeddable":true,"href":"https:\/\/www.ans-music.de\/index.php\/wp-json\/wp\/v2\/users\/2"}],"replies":[{"embeddable":true,"href":"https:\/\/www.ans-music.de\/index.php\/wp-json\/wp\/v2\/comments?post=247"}],"version-history":[{"count":28,"href":"https:\/\/www.ans-music.de\/index.php\/wp-json\/wp\/v2\/pages\/247\/revisions"}],"predecessor-version":[{"id":1996,"href":"https:\/\/www.ans-music.de\/index.php\/wp-json\/wp\/v2\/pages\/247\/revisions\/1996"}],"wp:attachment":[{"href":"https:\/\/www.ans-music.de\/index.php\/wp-json\/wp\/v2\/media?parent=247"}],"curies":[{"name":"wp","href":"https:\/\/api.w.org\/{rel}","templated":true}]}}